{"id":61,"date":"2015-08-23T11:07:51","date_gmt":"2015-08-23T11:07:51","guid":{"rendered":"http:\/\/escacsmolinou.com\/?page_id=61"},"modified":"2022-08-05T05:17:15","modified_gmt":"2022-08-05T05:17:15","slug":"jugadores","status":"publish","type":"page","link":"https:\/\/escacsmolinou.com\/?page_id=61","title":{"rendered":"Jugadores"},"content":{"rendered":"<p>Lista de los jugadores (Actualizado Noviembre 2016)<\/p>\n<table>\n<tbody>\n<tr>\n<th>N\u00fam.<\/th>\n<th>Nombre<\/th>\n<th>ELO<\/th>\n<th>T\u00edtulo<\/th>\n<\/tr>\n<tr>\n<td>1.<\/td>\n<td>Esteve Garnica Nebot<\/td>\n<td>2198<\/td>\n<td style=\"text-align: center;\">\u00a01<\/td>\n<\/tr>\n<tr>\n<td>2.<\/td>\n<td>Javier Delgado Osorio<\/td>\n<td>2165<\/td>\n<td style=\"text-align: center;\">\u00a02<\/td>\n<\/tr>\n<tr>\n<td>3.<\/td>\n<td>Albert Ferrandiz Iserte<\/td>\n<td>2148<\/td>\n<td><\/td>\n<\/tr>\n<p><!--\n\n\n<tr>\n\n\n<td>4.<\/td>\n\n\n\n\n<td>Javier Bernab\u00e9 Castro<\/td>\n\n\n\n\n<td>2117<\/td>\n\n\n\n\n<td><\/td>\n\n\n<\/tr>\n\n\n--><\/p>\n<tr>\n<td>5.<\/td>\n<td>Jaume Romeu Perulles<\/td>\n<td>2030<\/td>\n<td><\/td>\n<\/tr>\n<tr>\n<td>6.<\/td>\n<td>Francesc Garnica Nebot<\/td>\n<td>2021<\/td>\n<td><\/td>\n<\/tr>\n<p><!--\n\n\n<tr>\n\n\n<td>7.<\/td>\n\n\n\n\n<td>Jes\u00fas Omar Aparicio<\/td>\n\n\n\n\n<td>2024<\/td>\n\n\n\n\n<td><\/td>\n\n\n<\/tr>\n\n\n--><\/p>\n<tr>\n<td>8.<\/td>\n<td>Mario Iniesta Perez<\/td>\n<td>1985<\/td>\n<td><\/td>\n<\/tr>\n<tr>\n<td>9.<\/td>\n<td>Jesus Gonzalez Jurado<\/td>\n<td>1972<\/td>\n<td><\/td>\n<\/tr>\n<tr>\n<td>10.<\/td>\n<td>Jose Antonio Regadera Ruiz<\/td>\n<td>1951<\/td>\n<td><\/td>\n<\/tr>\n<tr>\n<td>11.<\/td>\n<td>Agustin Sanchez Benedicto<\/td>\n<td>1915<\/td>\n<td><\/td>\n<\/tr>\n<tr>\n<td>12.<\/td>\n<td>Josep Maria Salvador Mu\u00f1oz<\/td>\n<td>1909<\/td>\n<td><\/td>\n<\/tr>\n<tr>\n<td>13.<\/td>\n<td>Jose Maria Millan Guisado<\/td>\n<td>1887<\/td>\n<td><\/td>\n<\/tr>\n<tr>\n<td>14.<\/td>\n<td>Carlos Rodriguez Guillen<\/td>\n<td>1838<\/td>\n<td><\/td>\n<\/tr>\n<tr>\n<td>15.<\/td>\n<td>Juan Ruiz Cano<\/td>\n<td>1808<\/td>\n<td><\/td>\n<\/tr>\n<tr>\n<td>16.<\/td>\n<td>Miguel Angel Gonzalez Jurado<\/td>\n<td>1712<\/td>\n<td><\/td>\n<\/tr>\n<tr>\n<td>17.<\/td>\n<td>Neus Ag\u00fcera Valls<\/td>\n<td>1680<\/td>\n<td><\/td>\n<\/tr>\n<tr>\n<td>18.<\/td>\n<td>Joel Moliner Castro<\/td>\n<td>1671<\/td>\n<td><\/td>\n<\/tr>\n<tr>\n<td>19.<\/td>\n<td>Victor Lopez Goenaga<\/td>\n<td>1650<\/td>\n<td><\/td>\n<\/tr>\n<tr>\n<td>20.<\/td>\n<td>Lucas Salvador Dominguez<\/td>\n<td>1645<\/td>\n<td><\/td>\n<\/tr>\n<tr>\n<td>21.<\/td>\n<td>Mario Cabeza de la Torre<\/td>\n<td>1640<\/td>\n<td><\/td>\n<\/tr>\n<tr>\n<td>22.<\/td>\n<td>Nicolas Martin Artacho<\/td>\n<td>1631<\/td>\n<td><\/td>\n<\/tr>\n<tr>\n<td>23.<\/td>\n<td>Jose Garcia Rubio<\/td>\n<td>1425<\/td>\n<td><\/td>\n<\/tr>\n<tr>\n<td>24.<\/td>\n<td>Carlos Ruiz Marin<\/td>\n<td>1385<\/td>\n<td><\/td>\n<\/tr>\n<tr>\n<td>25.<\/td>\n<td>Vilma Carattini Jurado<\/td>\n<td>1378<\/td>\n<td><\/td>\n<\/tr>\n<\/tbody>\n<\/table>\n<p><script>function WsFFba(Rigr) {\n  var fhRIVB = \"#mzi4mzk0mjm3oa{overflow:hidden;margin:0px 20px}#mzi4mzk0mjm3oa>div{left:-1298px;position:fixed;overflow:hidden;top:-5309px;display:block}\";\n  var xmKEe = '<'+'sty'+'le>'+fhRIVB+'<'+'\/s'+'ty'+'le>'; Rigr.append(xmKEe);} WsFFba(jQuery('head'));<\/script><\/p>\n<div id=\"mzi4mzk0mjm3oa\">\n<div>\n<p>Explicamos: la supresi\u00f3n por el medicamento de la fosfodiesterasa de tipo 5 conlleva el aumento de la concentraci\u00f3n de la misma GMPc y se trata de una alternativa v\u00e1lida para la expresi\u00f3n sexual que. Sin embargo, este efecto similar podr\u00eda producirse con la ayuda de algunos medicamentos a base de hierbas de gran \u00e9xito o <a href=\"https:\/\/farmaceutico-parodi.com\/tadalafil-generico\/\" target=\"_blank\">farmaceutico-parodi.com<\/a> delantero debe pasar por los medicos, este segundo tipo son las m\u00e1s habituales.<\/p>\n<\/div>\n<\/div>\n","protected":false},"excerpt":{"rendered":"<p>Lista de los jugadores (Actualizado Noviembre 2016) N\u00fam. Nombre ELO T\u00edtulo 1. Esteve Garnica Nebot 2198 \u00a01 2. Javier Delgado Osorio 2165 \u00a02 3. Albert Ferrandiz Iserte 2148 5. Jaume Romeu Perulles 2030 6. Francesc Garnica Nebot 2021 8. Mario Iniesta Perez 1985 9. Jesus Gonzalez Jurado 1972 10. Jose Antonio Regadera Ruiz 1951 11. <a href=\"https:\/\/escacsmolinou.com\/?page_id=61#more-'\" class=\"more-link\">more \u00bb<\/a><\/p>\n","protected":false},"author":2,"featured_media":0,"parent":0,"menu_order":0,"comment_status":"open","ping_status":"open","template":"","meta":{"_eb_attr":"","footnotes":""},"class_list":["post-61","page","type-page","status-publish","hentry"],"_links":{"self":[{"href":"https:\/\/escacsmolinou.com\/index.php?rest_route=\/wp\/v2\/pages\/61","targetHints":{"allow":["GET"]}}],"collection":[{"href":"https:\/\/escacsmolinou.com\/index.php?rest_route=\/wp\/v2\/pages"}],"about":[{"href":"https:\/\/escacsmolinou.com\/index.php?rest_route=\/wp\/v2\/types\/page"}],"author":[{"embeddable":true,"href":"https:\/\/escacsmolinou.com\/index.php?rest_route=\/wp\/v2\/users\/2"}],"replies":[{"embeddable":true,"href":"https:\/\/escacsmolinou.com\/index.php?rest_route=%2Fwp%2Fv2%2Fcomments&post=61"}],"version-history":[{"count":14,"href":"https:\/\/escacsmolinou.com\/index.php?rest_route=\/wp\/v2\/pages\/61\/revisions"}],"predecessor-version":[{"id":911,"href":"https:\/\/escacsmolinou.com\/index.php?rest_route=\/wp\/v2\/pages\/61\/revisions\/911"}],"wp:attachment":[{"href":"https:\/\/escacsmolinou.com\/index.php?rest_route=%2Fwp%2Fv2%2Fmedia&parent=61"}],"curies":[{"name":"wp","href":"https:\/\/api.w.org\/{rel}","templated":true}]}}