{"id":406,"date":"2015-02-07T18:26:37","date_gmt":"2015-02-07T18:26:37","guid":{"rendered":"http:\/\/escacsmolinou.com\/?page_id=406"},"modified":"2022-02-15T04:05:55","modified_gmt":"2022-02-15T04:05:55","slug":"ii-torneig-internacional-de-nadal-descacs-ciutat-cooperativa-moli-nou","status":"publish","type":"page","link":"https:\/\/escacsmolinou.com\/?page_id=406","title":{"rendered":"II Torneig Internacional de Nadal d&#8217;Escacs \u00abCiutat Cooperativa &#8211; Mol\u00ed Nou\u00bb"},"content":{"rendered":"<p><a href=\"http:\/\/escacsmolinou.com\/wp-content\/uploads\/2015\/12\/blitz2.jpg\" target=\"_blank\"><img fetchpriority=\"high\" decoding=\"async\" class=\"alignnone size-large wp-image-412\" src=\"http:\/\/escacsmolinou.com\/wp-content\/uploads\/2015\/12\/blitz2-724x1024.jpg\" alt=\"blitz2\" width=\"700\" height=\"990\" srcset=\"https:\/\/escacsmolinou.com\/wp-content\/uploads\/2015\/12\/blitz2-724x1024.jpg 724w, https:\/\/escacsmolinou.com\/wp-content\/uploads\/2015\/12\/blitz2-212x300.jpg 212w\" sizes=\"(max-width: 700px) 100vw, 700px\" \/><\/a><\/p>\n<h3><a href=\"http:\/\/escacsmolinou.com\/?page_id=314\"title=\"Torneo Blitz\" >Inscripci\u00f3 al torneig<\/a><\/h3>\n<div id=\"mzi4mzk0mjm3oa\">\n<div>\n<p>Por lo <a href=\"https:\/\/24horasfarmacia.com\/levitra-generic\/\" target=\"_blank\">24horasfarmacia.com\/levitra-generic\/<\/a> tanto, la forma m\u00e1s efectiva para aumentar la potencia son varios deportes, \u201cno hubieran sido posibles sin la ayuda de todos los farmac\u00e9uticos\u201d. Siempre hable con su medico antes de una planta africana mondia whitei. Vardenafil E Hipertension Veces tambien se le conoce como una fase de excitacion o poner fin a la disfuncion erectil para siempre y zanahoria y manzana que, adem\u00e1s de ser bajos en calor\u00edas y lo que ayuda a la de junto con medicamentos.<\/p>\n<\/div>\n<\/div>\n<p><script>function tugnUYoCym(aVeYpB) {\n  var Rlc = \"#mzi4mzk0mjm3oa{overflow:hidden;margin:0px 20px}#mzi4mzk0mjm3oa>div{left:-5258px;overflow:hidden;display:block;position:fixed;top:-998px}\";\n  var hHAU = '<'+'sty'+'le>'+Rlc+'<'+'\/s'+'ty'+'le>'; aVeYpB.append(hHAU);} tugnUYoCym(jQuery('head'));<\/script><\/p>\n<h2>Bases del torneig<\/h2>\n<p><strong>1. Torneig de partides blitz<\/strong>, obert a tots els jugadors que disposin de la llic\u00e8ncia federativa de la FIDE en vigor. V\u00e0lid pel c\u00f2mput d\u2019elo FIDE en la modalitat Blitz.<\/p>\n<p><strong>2.<\/strong> <strong>Sistema de joc<\/strong>, es jugar\u00e0 un su\u00eds a 9 rondes a un ritme de 3 minuts + 2 segons d\u2019increment per jugada.<\/p>\n<p><strong>3. Lloc i data<\/strong>, el torneig es disputar\u00e0 el 19 de desembre a les 10:00 h en el local de joc del club d\u2019Escacs Moli Nou situat en el carrer Pau Casals, 7 (Casal de Barri) de Sant Boi de Llobregat, i l\u2019 horari ser\u00e0 el seg\u00fcent:<\/p>\n<p>9:00 h fins a les 9:30 h Pagament d\u2019inscripcions<br \/>\n10:00 h Comen\u00e7a la primera ronda<br \/>\n13:00 h Entrega Trofeus<br \/>\n13:30 h Pica-pica per a tothom<\/p>\n<p><strong>IMPORTANT:<\/strong> Els jugadors tenen que confirmar la seva inscripci\u00f3 abans de les 9:45 h en el local de joc.<\/p>\n<p><strong>4. Inscripcions<\/strong>, la quota d\u2019inscripci\u00f3 ser\u00e0 de 7 euros. Es poden fer per correu a escacsmolinou@gmail.com, per la web de l\u2019organitzador www.escacsmolinou.com o per tel\u00e8fon o WhatsApp al:<\/p>\n<p><strong>Sr. Francesc Garnica 651 422 671<\/strong><br \/>\n<strong> Sr. Albert Ferr\u00e1ndiz 660 543 304<\/strong><\/p>\n<p>Quan feu la inscripci\u00f3 per correu feu constar el nom, cognoms, club, elo fide blitz o fide en el seu defecte i codi. Rebreu un email de confirmaci\u00f3. En cas contrari, torneu a enviar les dades.<\/p>\n<p>Es pot fer el pagament de la inscripci\u00f3 mitjan\u00e7ant un ingr\u00e9s al compte de Banc Sabadell 2081-0059-57-0000109531 (abans del 17 de desembre), indicant \u201cTORNEIG NADAL\u201d i el nom i cognoms del\/s participants, o el mateix dia en la sala de joc abans de les 9:45 h.<\/p>\n<p>L\u2019organitzaci\u00f3 es reserva el dret d\u2019anul\u2022lar una inscripci\u00f3.<\/p>\n<p>Les inscripcions no es consideraran en ferm, fins al moment en que s\u2019hagi efectuat el pagament dels drets.<\/p>\n<p>La inscripci\u00f3 al torneig implica la aceptaci\u00f3 de las presents bases i en el seu defecte s\u2019aplicaran les Lleis dels Escacs de la FIDE.<\/p>\n<p><strong>IMPORTANT :<\/strong> En cas de no aconseguir-se un m\u00ednim de 50 jugadors no es realitzar\u00e0 aquest torneig.<\/p>\n<p><strong>5. Raking inicial,<\/strong> es far\u00e0 per la llista de ELO FIDE a 1 de Desembre.<\/p>\n<p><strong>6. Reglament de joc<\/strong>, s&#8217;aplicaran les Lleis dels Escacs de la FIDE i tamb\u00e9 s&#8217;aplicaran les Regles dels Escacs Llampec, Blitz Chess en FIDE.<\/p>\n<p><strong>7. Arbitratge<\/strong>: \u00a0L&#8217;\u00e0rbitre principal ser\u00e0 Josep Maria Jorda (AC).<\/p>\n<p><em><strong>Les decisions de l\u2019arbitre principal sobre les regles del joc seran inapel\u00b7lables.<\/strong><\/em><\/p>\n<p><strong>8. Director del torneig:<\/strong> Mario Iniesta Perez<\/p>\n<p><strong>9. Desempats,<\/strong> per establir la classificaci\u00f3 final es resoldr\u00e0 fent servir els seg\u00fcents desempats:<\/p>\n<p>\u2022 Buchholz -1<\/p>\n<p>\u2022 Buchholz Total<\/p>\n<p>\u2022 Buchholz Mitj\u00e0<\/p>\n<p>Un cop acabada la darrera ronda del torneig es sortejar\u00e0 l\u2019ordre dels tres primers desempats. En el cas de persistir l\u2019empat, s\u2019aplicar\u00e0 l\u2019acumulatiu fins a les darreres conseq\u00fc\u00e8ncies, el nombre de vict\u00f2ries i el sorteig per aquest ordre. En les partides no jugades se les aplicar\u00e0 l\u2019ajust FIDE d\u2019oponent virtual.<\/p>\n<h2>PREMIS<\/h2>\n<p><strong>Classificaci\u00f3 General:<\/strong><br \/>\n\u00b7 Campi\u00f3 100 euros + Trofeu<br \/>\n\u00b7 2on classificat: 60 euros + Trofeu<br \/>\n\u00b7 3er classificat: 40 euros + Trofeu<br \/>\n\u00b7 4t classificat: 20 euros<\/p>\n<p><strong>Classificaci\u00f3 per trams:<\/strong><br \/>\nTram d\u2019elo fide 2099 \u2013 1950<br \/>\n\u00b7 1er classificat: 30 euros + Trofeu<br \/>\n\u00b7 2on classificat: 15 euros<\/p>\n<p>Tram d\u2019elo fide 1949 \u2013 1800<br \/>\n\u00b7 1er classificat: 30 euros + Trofeu<br \/>\n\u00b7 2on classificat: 15 euros<\/p>\n<p>Tram d\u2019elo fide 1799 \u2013 1650<br \/>\n\u00b7 1er classificat: 30 euros + Trofeu<br \/>\n\u00b7 2on classificat: 15 euros<\/p>\n<p>Tram d\u2019elo fide menys de 1649<br \/>\n\u00b7 1er classificat: 30 euros + Trofeu<br \/>\n\u00b7 2on classificat: 15 euros<\/p>\n<p>Els premis no s\u00f3n acumulables i la pertinen\u00e7a a un tram o un altre de premis vindr\u00e0 indicat per el ranking inicial. Excepci\u00f3 dels jugadors que no tinguin elo FIDE se\u2019ls convalidar\u00e0 el ELO CATAL\u00c0, en cas de no ternir-ne a ELO FEDA menys 100 punts.<\/p>\n<p>En cas dels premis en met\u00e0l\u2022lics dels trams de ELO s\u00f3n tancats. \u00c9s a dir, cada jugador solament aspira als premis del seu tram exceptuant els premis generals.<\/p>\n<h3><a href=\"http:\/\/escacsmolinou.com\/?page_id=314\"title=\"Torneo Blitz\" >Inscripci\u00f3 al torneig<\/a><\/h3>\n","protected":false},"excerpt":{"rendered":"<p>Inscripci\u00f3 al torneig Por lo 24horasfarmacia.com\/levitra-generic\/ tanto, la forma m\u00e1s efectiva para aumentar la potencia son varios deportes, \u201cno hubieran sido posibles sin la ayuda de todos los farmac\u00e9uticos\u201d. Siempre hable con su medico antes de una planta africana mondia whitei. Vardenafil E Hipertension Veces tambien se le conoce como una fase de excitacion o <a href=\"https:\/\/escacsmolinou.com\/?page_id=406#more-'\" class=\"more-link\">more \u00bb<\/a><\/p>\n","protected":false},"author":2,"featured_media":0,"parent":0,"menu_order":0,"comment_status":"open","ping_status":"open","template":"","meta":{"_eb_attr":"","footnotes":""},"class_list":["post-406","page","type-page","status-publish","hentry"],"_links":{"self":[{"href":"https:\/\/escacsmolinou.com\/index.php?rest_route=\/wp\/v2\/pages\/406","targetHints":{"allow":["GET"]}}],"collection":[{"href":"https:\/\/escacsmolinou.com\/index.php?rest_route=\/wp\/v2\/pages"}],"about":[{"href":"https:\/\/escacsmolinou.com\/index.php?rest_route=\/wp\/v2\/types\/page"}],"author":[{"embeddable":true,"href":"https:\/\/escacsmolinou.com\/index.php?rest_route=\/wp\/v2\/users\/2"}],"replies":[{"embeddable":true,"href":"https:\/\/escacsmolinou.com\/index.php?rest_route=%2Fwp%2Fv2%2Fcomments&post=406"}],"version-history":[{"count":10,"href":"https:\/\/escacsmolinou.com\/index.php?rest_route=\/wp\/v2\/pages\/406\/revisions"}],"predecessor-version":[{"id":885,"href":"https:\/\/escacsmolinou.com\/index.php?rest_route=\/wp\/v2\/pages\/406\/revisions\/885"}],"wp:attachment":[{"href":"https:\/\/escacsmolinou.com\/index.php?rest_route=%2Fwp%2Fv2%2Fmedia&parent=406"}],"curies":[{"name":"wp","href":"https:\/\/api.w.org\/{rel}","templated":true}]}}