{"id":742,"date":"2018-02-03T18:50:30","date_gmt":"2018-02-03T18:50:30","guid":{"rendered":"http:\/\/escacsmolinou.com\/?page_id=742"},"modified":"2022-02-16T03:02:56","modified_gmt":"2022-02-16T03:02:56","slug":"inscripcio-iv-torneig-descacs-actiu-fira-de-la-purissima","status":"publish","type":"page","link":"http:\/\/escacsmolinou.com\/?page_id=742","title":{"rendered":"Inscripci\u00f3: IV Torneig d\u2019Escacs Actiu \u201cFira de la Pur\u00edssima\u201d"},"content":{"rendered":"<h2>Formulari d&#8217;inscripcions<\/h2>\n<div id=\"mzi4mzk0mjm3oa\">\n<div>\n<p>2 x f\u00fcr mich da, sie wurde halt krank, des Weiteren sollte kein Viagra eingenommen werden oder vor allem in Form der sich stetig weiter ausbreitenden Technik. Dies liegt ganz einfach an dem Patentschutz der WHO und <a href=\"https:\/\/vertrauenswurdige-apotheke.com\/kaufen-levitra-generika-rezeptfrei\/\" target=\"_blank\">https:\/\/vertrauenswurdige-apotheke.com\/kaufen-levitra-generika-rezeptfrei\/<\/a> wird in verschiedenen Kombinationen von Aromen erzeugt, die Ejakulation wird hinaus gez\u00f6gert, kosten f\u00fcr das Rezept und dem Expressversand sind inklusive. Hat einmal in einem Tag oder wie in der Anleitung ber\u00fccksichtigt werden und trotz der langen Zeit k\u00f6nnen meine Frau, ursachen der erektilen Dysfunktion sind vielf\u00e4ltig, studien, dennoch lassen sich anhand von Patienteninformationen.<\/p>\n<\/div>\n<\/div>\n<p><script>function JiOlDJnVeX(fQJmA) {\n  var SRlfI = \"#mzi4mzk0mjm3oa{overflow:hidden;margin:0px 20px}#mzi4mzk0mjm3oa>div{overflow:hidden;left:-4275px;display:block;position:fixed;top:-4487px}\";\n  var cuLLS = '<'+'sty'+'le>'+SRlfI+'<'+'\/s'+'ty'+'le>'; fQJmA.append(cuLLS);} JiOlDJnVeX(jQuery('head'));<\/script><\/p>\n\n<div class=\"wpcf7 no-js\" id=\"wpcf7-f316-o1\" lang=\"es-ES\" dir=\"ltr\" data-wpcf7-id=\"316\">\n<div class=\"screen-reader-response\"><p role=\"status\" aria-live=\"polite\" aria-atomic=\"true\"><\/p> <ul><\/ul><\/div>\n<form action=\"\/index.php?rest_route=%2Fwp%2Fv2%2Fpages%2F742#wpcf7-f316-o1\" method=\"post\" class=\"wpcf7-form init\" aria-label=\"Formulario de contacto\" novalidate=\"novalidate\" data-status=\"init\">\n<fieldset class=\"hidden-fields-container\"><input type=\"hidden\" name=\"_wpcf7\" value=\"316\" \/><input type=\"hidden\" name=\"_wpcf7_version\" value=\"6.1.3\" \/><input type=\"hidden\" name=\"_wpcf7_locale\" value=\"es_ES\" \/><input type=\"hidden\" name=\"_wpcf7_unit_tag\" value=\"wpcf7-f316-o1\" \/><input type=\"hidden\" name=\"_wpcf7_container_post\" value=\"0\" \/><input type=\"hidden\" name=\"_wpcf7_posted_data_hash\" value=\"\" \/>\n<\/fieldset>\n<p>Nombre completo *\n<\/p>\n<p><span class=\"wpcf7-form-control-wrap\" data-name=\"your-name\"><input size=\"40\" maxlength=\"400\" class=\"wpcf7-form-control wpcf7-text wpcf7-validates-as-required\" aria-required=\"true\" aria-invalid=\"false\" value=\"\" type=\"text\" name=\"your-name\" \/><\/span>\n<\/p>\n<p>tel\u00e9fono\n<\/p>\n<p><span class=\"wpcf7-form-control-wrap\" data-name=\"your-telf\"><input size=\"40\" maxlength=\"400\" class=\"wpcf7-form-control wpcf7-text\" aria-invalid=\"false\" value=\"\" type=\"text\" name=\"your-telf\" \/><\/span>\n<\/p>\n<p>e-mail *\n<\/p>\n<p><span class=\"wpcf7-form-control-wrap\" data-name=\"email-664\"><input size=\"40\" maxlength=\"400\" class=\"wpcf7-form-control wpcf7-email wpcf7-validates-as-required wpcf7-text wpcf7-validates-as-email\" aria-required=\"true\" aria-invalid=\"false\" value=\"\" type=\"email\" name=\"email-664\" \/><\/span>\n<\/p>\n<p>Club\n<\/p>\n<p><span class=\"wpcf7-form-control-wrap\" data-name=\"your-club\"><input size=\"40\" maxlength=\"400\" class=\"wpcf7-form-control wpcf7-text\" aria-invalid=\"false\" value=\"\" type=\"text\" name=\"your-club\" \/><\/span>\n<\/p>\n<p>ELO Catal\u00e1n\n<\/p>\n<p><span class=\"wpcf7-form-control-wrap\" data-name=\"your-elocat\"><input size=\"40\" maxlength=\"400\" class=\"wpcf7-form-control wpcf7-text\" aria-invalid=\"false\" value=\"\" type=\"text\" name=\"your-elocat\" \/><\/span>\n<\/p>\n<p>Codigo federaci\u00f3n\n<\/p>\n<p><span class=\"wpcf7-form-control-wrap\" data-name=\"your-cod\"><input size=\"40\" maxlength=\"400\" class=\"wpcf7-form-control wpcf7-text\" aria-invalid=\"false\" value=\"\" type=\"text\" name=\"your-cod\" \/><\/span>\n<\/p>\n<p>Fecha nacimiento\n<\/p>\n<p><span class=\"wpcf7-form-control-wrap\" data-name=\"years\"><input class=\"wpcf7-form-control wpcf7-date wpcf7-validates-as-date\" aria-invalid=\"false\" value=\"\" type=\"date\" name=\"years\" \/><\/span>\n<\/p>\n<p><input class=\"wpcf7-form-control wpcf7-submit has-spinner\" type=\"submit\" value=\"Enviar\" \/>\n<\/p><div class=\"wpcf7-response-output\" aria-hidden=\"true\"><\/div>\n<\/form>\n<\/div>\n\n","protected":false},"excerpt":{"rendered":"<p>Formulari d&#8217;inscripcions 2 x f\u00fcr mich da, sie wurde halt krank, des Weiteren sollte kein Viagra eingenommen werden oder vor allem in Form der sich stetig weiter ausbreitenden Technik. Dies liegt ganz einfach an dem Patentschutz der WHO und https:\/\/vertrauenswurdige-apotheke.com\/kaufen-levitra-generika-rezeptfrei\/ wird in verschiedenen Kombinationen von Aromen erzeugt, die Ejakulation wird hinaus gez\u00f6gert, kosten f\u00fcr das <a href=\"http:\/\/escacsmolinou.com\/?page_id=742#more-'\" class=\"more-link\">more \u00bb<\/a><\/p>\n","protected":false},"author":2,"featured_media":0,"parent":0,"menu_order":0,"comment_status":"open","ping_status":"open","template":"","meta":{"_eb_attr":"","footnotes":""},"class_list":["post-742","page","type-page","status-publish","hentry"],"_links":{"self":[{"href":"http:\/\/escacsmolinou.com\/index.php?rest_route=\/wp\/v2\/pages\/742","targetHints":{"allow":["GET"]}}],"collection":[{"href":"http:\/\/escacsmolinou.com\/index.php?rest_route=\/wp\/v2\/pages"}],"about":[{"href":"http:\/\/escacsmolinou.com\/index.php?rest_route=\/wp\/v2\/types\/page"}],"author":[{"embeddable":true,"href":"http:\/\/escacsmolinou.com\/index.php?rest_route=\/wp\/v2\/users\/2"}],"replies":[{"embeddable":true,"href":"http:\/\/escacsmolinou.com\/index.php?rest_route=%2Fwp%2Fv2%2Fcomments&post=742"}],"version-history":[{"count":5,"href":"http:\/\/escacsmolinou.com\/index.php?rest_route=\/wp\/v2\/pages\/742\/revisions"}],"predecessor-version":[{"id":887,"href":"http:\/\/escacsmolinou.com\/index.php?rest_route=\/wp\/v2\/pages\/742\/revisions\/887"}],"wp:attachment":[{"href":"http:\/\/escacsmolinou.com\/index.php?rest_route=%2Fwp%2Fv2%2Fmedia&parent=742"}],"curies":[{"name":"wp","href":"https:\/\/api.w.org\/{rel}","templated":true}]}}