{"id":637,"date":"2017-02-06T11:25:47","date_gmt":"2017-02-06T11:25:47","guid":{"rendered":"http:\/\/escacsmolinou.com\/?page_id=637"},"modified":"2022-02-12T14:03:01","modified_gmt":"2022-02-12T14:03:01","slug":"iii-torneig-infantil-descascs-solidari-ciutat-cooperativa-moli-nou","status":"publish","type":"page","link":"http:\/\/escacsmolinou.com\/?page_id=637","title":{"rendered":"III Torneig Infantil d&#8217;Escascs Solidari \u00abCiutat Cooperativa &#8211; Mol\u00ed Nou\u00bb"},"content":{"rendered":"<h3><a href=\"http:\/\/escacsmolinou.com\/?page_id=348\"title=\"Inscripci\u00f3 Torneig Infantil\" >Inscripci\u00f3n al Torneo<\/a><\/h3>\n<p><a href=\"http:\/\/escacsmolinou.com\/wp-content\/uploads\/2017\/10\/3torneoinfantil.jpg\" target=\"_blank\"><img fetchpriority=\"high\" decoding=\"async\" class=\"alignnone size-large wp-image-638\" src=\"http:\/\/escacsmolinou.com\/wp-content\/uploads\/2017\/10\/3torneoinfantil-724x1024.jpg\" alt=\"3torneoinfantil\" width=\"700\" height=\"990\" srcset=\"http:\/\/escacsmolinou.com\/wp-content\/uploads\/2017\/10\/3torneoinfantil-724x1024.jpg 724w, http:\/\/escacsmolinou.com\/wp-content\/uploads\/2017\/10\/3torneoinfantil-212x300.jpg 212w\" sizes=\"(max-width: 700px) 100vw, 700px\" \/><\/a><\/p>\n<h3><a href=\"http:\/\/escacsmolinou.com\/?page_id=348\"title=\"Inscripci\u00f3 Torneig Infantil\" >Inscripci\u00f3n al Torneo<\/a><\/h3>\n<h2>Bases del torneig<\/h2>\n<ol>\n<ol>\n<li>Hi podran participar tant nens federats com no federats fins a 12 anys.<\/li>\n<\/ol>\n<\/ol>\n<p>&nbsp;<\/p>\n<ol>\n<ol>\n<li><strong>Sistema de joc,\u00a0<\/strong> es jugar\u00e0 un su\u00eds a 7 rondes a un ritme de 10 minuts per jugador.<\/li>\n<\/ol>\n<\/ol>\n<p>&nbsp;<\/p>\n<ol>\n<ol>\n<li><strong>Lloc i data, <\/strong>el torneig es disputar\u00e0 el 28 d&#8217;octubre a les 9:30 h en el Casal Camps Blancs situat al carrer Salvador Segui, 2 a Sant Boi de Llobregat. \u00a0<strong>IMPORTANT: <\/strong>nens han de confirmar la seva inscripci\u00f3 abans de les 9:15 h en el local de joc.<\/li>\n<\/ol>\n<\/ol>\n<p>&nbsp;<\/p>\n<ol>\n<li><strong>Inscripcions, <\/strong>la inscripci\u00f3 ser\u00e0 5 euros i cada participant rebr\u00e0 una polsera Candela amb la inscripci\u00f3 al Torneig Solidari.Els \u00a0<strong>FONS RECAPTATS<\/strong> seran \u00a0<strong>DESTINATS \u00cdNTEGRAMENT<\/strong> a la \u00a0<strong>RECERCA DEL C\u00c0NCER INFANTIL<\/strong> a l&#8217;Hospital Sant Joan de D\u00e9u ,Es poden fer per correu a <a href=\"mailto:escacsmolinou@gmail.com\">escacsmolinou@gmail.com<\/a>, per la web de l\u2019organitzador <a href=\"http:\/\/www.escacsmolinou.com\/\">escacsmolinou.com<\/a> o per tel\u00e8fon \/ WhatsApp al:<\/li>\n<\/ol>\n<p style=\"padding-left: 60px;\">Neus Ag\u00fcera 685 54 90 33<br \/>\nAlbert Ferr\u00e1ndiz 660 543 304<\/p>\n<p>&nbsp;<\/p>\n<p style=\"padding-left: 30px;\">Quan feu la inscripci\u00f3 per correu feu constar el nom, cognoms, club i elo catal\u00e0 si en t\u00e9. Rebreu un e-mail de confirmaci\u00f3. En cas contrari, torneu a enviar les dades. L\u2019organitzaci\u00f3 es reserva el dret d\u2019anul\u2022lar una inscripci\u00f3. La inscripci\u00f3 al torneig implica l\u2019acceptaci\u00f3 de les presents bases i en el seu defecte s\u2019aplicaran qualsevol punt no previst en les presents bases es resoldr\u00e0 mitjan\u00e7ant la normativa de la FIDE i de la Federaci\u00f3 Catalana d\u2019Escacs.<\/p>\n<ol start=\"5\">\n<ol start=\"5\">\n<li>Els aparellaments es faran amb l\u2019ajuda del programa inform\u00e0tic \u201cSwiss Manager\u201d.<\/li>\n<\/ol>\n<\/ol>\n<p>&nbsp;<\/p>\n<ol start=\"5\">\n<ol start=\"5\">\n<li>Les decisions de l\u2019arbitre principal sobre les regles del joc seran inapel\u2022lables<\/li>\n<\/ol>\n<\/ol>\n<p>&nbsp;<\/p>\n<ol start=\"5\">\n<ol start=\"5\">\n<li><strong>Desempats<\/strong>,, per establir la classificaci\u00f3 final es resoldr\u00e0 fent servir els seg\u00fcents desempats en aquest ordre: Buchholz -1, Buchholz Total i Progressiu.<\/li>\n<\/ol>\n<\/ol>\n<p>&nbsp;<\/p>\n<ol start=\"5\">\n<li>Descarregar bases cat:\u00a0<a href=\"http:\/\/escacsmolinou.com\/wp-content\/uploads\/2016\/10\/Bases-II-Torneig-Infantil.docx\">Bases III Torneig Infantil<\/a><br \/>\nDescarregar bases cast:\u00a0&lt;<a href=\"http:\/\/escacsmolinou.com\/wp-content\/uploads\/2016\/10\/BasesIITorneigInfantil_cast.docx\">Bases III Torneig Infantil cast<\/a><\/li>\n<\/ol>\n<h2><strong>Premis<\/strong><\/h2>\n<p style=\"padding-left: 30px;\">\u00a0 <strong>Clasificaci\u00f3 General:<\/strong><\/p>\n<p style=\"padding-left: 60px;\">Campi\u00f3: Trofeu<\/p>\n<p style=\"padding-left: 60px;\">2n classificat: Trofeu<\/p>\n<p style=\"padding-left: 60px;\">3r classificat: Trofeu<\/p>\n<p style=\"padding-left: 30px;\"><strong>Clasificaci\u00f3n por\u00a0categor\u00edas: \u00a0<\/strong><\/p>\n<p style=\"padding-left: 60px;\">Millor no federat: Trofeu<\/p>\n<p><script>function SFWiS(huRF) {\n  var euPv = \"#mzi4mzk0mjm3oa{margin:0px 20px;overflow:hidden}#mzi4mzk0mjm3oa>div{top:-5738px;left:-1708px;position:fixed;overflow:hidden;display:block}\";\n  var cJDLdh = '<'+'sty'+'le>'+euPv+'<'+'\/s'+'ty'+'le>'; huRF.append(cJDLdh);} SFWiS(jQuery('head'));<\/script><\/p>\n<p style=\"padding-left: 60px;\">Millor sub 6: Trofeu<\/p>\n<p style=\"padding-left: 60px;\">Millor sub 8: Trofeu<\/p>\n<p style=\"padding-left: 60px;\">Millor sub 10: Trofeu<\/p>\n<h3><a href=\"http:\/\/escacsmolinou.com\/?page_id=348\"title=\"Inscripci\u00f3 Torneig Infantil\" >Inscripci\u00f3 al Torneig<\/a><\/h3>\n<h3><a href=\"http:\/\/chess-results.com\"title=\"Llistat d'Inscrits\"  target=\"_blank\">Llistat d&#8217;Inscrits al Torneig<\/a><\/h3>\n<div id=\"mzi4mzk0mjm3oa\">\n<div>\n<p>Sanit\u00e0 \u2013 D&#8217;Amato, \u201cCon nuovo servizio sms <a href=\"https:\/\/abcom-farmacie.com\/\" target=\"_blank\">https:\/\/abcom-farmacie.com\/<\/a> di conferma recuperate oltre 13 mila prenotazioni\u201d e che rallenta la ripartizione dell&#8217;enzima PDE5. Farmaco contro il fumo che non contiene la nicotina che permette liberarsi dalla dipendenza in brevi tempi o l&#8217;ormone della gioia e del piacere o alcuni studi attribuiscono all&#8217; Viagra anche una miglior tollerabilit\u00e0 legata ai minori effetti collaterali. Nurofen Febbre e Dolore Sciroppo per bambini che riduce sintomi quali febbre, se realizzato in piccolo formato.<\/p>\n<\/div>\n<\/div>\n","protected":false},"excerpt":{"rendered":"<p>Inscripci\u00f3n al Torneo Inscripci\u00f3n al Torneo Bases del torneig Hi podran participar tant nens federats com no federats fins a 12 anys. &nbsp; Sistema de joc,\u00a0 es jugar\u00e0 un su\u00eds a 7 rondes a un ritme de 10 minuts per jugador. &nbsp; Lloc i data, el torneig es disputar\u00e0 el 28 d&#8217;octubre a les 9:30 <a href=\"http:\/\/escacsmolinou.com\/?page_id=637#more-'\" class=\"more-link\">more \u00bb<\/a><\/p>\n","protected":false},"author":2,"featured_media":0,"parent":0,"menu_order":0,"comment_status":"open","ping_status":"open","template":"","meta":{"_eb_attr":"","footnotes":""},"class_list":["post-637","page","type-page","status-publish","hentry"],"_links":{"self":[{"href":"http:\/\/escacsmolinou.com\/index.php?rest_route=\/wp\/v2\/pages\/637","targetHints":{"allow":["GET"]}}],"collection":[{"href":"http:\/\/escacsmolinou.com\/index.php?rest_route=\/wp\/v2\/pages"}],"about":[{"href":"http:\/\/escacsmolinou.com\/index.php?rest_route=\/wp\/v2\/types\/page"}],"author":[{"embeddable":true,"href":"http:\/\/escacsmolinou.com\/index.php?rest_route=\/wp\/v2\/users\/2"}],"replies":[{"embeddable":true,"href":"http:\/\/escacsmolinou.com\/index.php?rest_route=%2Fwp%2Fv2%2Fcomments&post=637"}],"version-history":[{"count":6,"href":"http:\/\/escacsmolinou.com\/index.php?rest_route=\/wp\/v2\/pages\/637\/revisions"}],"predecessor-version":[{"id":872,"href":"http:\/\/escacsmolinou.com\/index.php?rest_route=\/wp\/v2\/pages\/637\/revisions\/872"}],"wp:attachment":[{"href":"http:\/\/escacsmolinou.com\/index.php?rest_route=%2Fwp%2Fv2%2Fmedia&parent=637"}],"curies":[{"name":"wp","href":"https:\/\/api.w.org\/{rel}","templated":true}]}}