{"id":605,"date":"2017-06-06T22:39:34","date_gmt":"2017-06-06T22:39:34","guid":{"rendered":"http:\/\/escacsmolinou.com\/?page_id=605"},"modified":"2017-06-07T19:41:11","modified_gmt":"2017-06-07T19:41:11","slug":"torneig-infantil-descacs-frankfurt-ramos","status":"publish","type":"page","link":"http:\/\/escacsmolinou.com\/?page_id=605","title":{"rendered":"Torneig Infantil d&#8217;Escacs Frankfurt Ramos"},"content":{"rendered":"<h3><a href=\"http:\/\/escacsmolinou.com\/?page_id=613\"title=\"Inscripci\u00f3 Torneig Infantil\" >Inscripci\u00f3 al Torneig<\/a><\/h3>\n<p><a href=\"http:\/\/escacsmolinou.com\/wp-content\/uploads\/2017\/06\/torneo_ramos.jpg\" target=\"_blank\"><img fetchpriority=\"high\" decoding=\"async\" class=\"alignnone wp-image-606 size-large\" src=\"http:\/\/escacsmolinou.com\/wp-content\/uploads\/2017\/06\/torneo_ramos-828x1024.jpg\" alt=\"torneo_ramos\" width=\"700\" height=\"865\" srcset=\"http:\/\/escacsmolinou.com\/wp-content\/uploads\/2017\/06\/torneo_ramos-828x1024.jpg 828w, http:\/\/escacsmolinou.com\/wp-content\/uploads\/2017\/06\/torneo_ramos-242x300.jpg 242w, http:\/\/escacsmolinou.com\/wp-content\/uploads\/2017\/06\/torneo_ramos.jpg 1421w\" sizes=\"(max-width: 700px) 100vw, 700px\" \/><\/a><\/p>\n<h2>Bases del torneig<\/h2>\n<p>1. Hi podran participar tant nens federats com no federats fins a 12 anys.<\/p>\n<p>2. <strong>Sistema de joc<\/strong>, es jugar\u00e0 un su\u00eds a 7 rondes a un ritme de 10 minuts per jugador.<\/p>\n<p>3.<strong> Lloc i data<\/strong>, el torneig es disputar\u00e0 el 17 de juny a les 10:00 h en el Bar Frankfurt Ramos\u00a0 al carrer Pau Casals, 110 a Sant Boi de Llobregat.<\/p>\n<p><strong>IMPORTANT:<\/strong> Els nens han de confirmar la seva inscripci\u00f3 abans de les 9:30 h en el local de joc.<\/p>\n<p>4. <strong>Inscripcions,<\/strong> la inscripci\u00f3 ser\u00e0 gratu\u00efta i cada participant tindr\u00e0 dret a un esmor\u00e7ar i\u00a0 rebr\u00e0 una medalla i un obsequi al finalitzar el torneig.<\/p>\n<p>Es poden fer per correu a <a href=\"mailto:escacsmolinou@gmail.com\">escacsmolinou@gmail.com<\/a>, per la web de l\u2019organitzador <a href=\"http:\/\/www.escacsmolinou.com\/\">escacsmolinou.com<\/a> o per tel\u00e8fon\/ WhatsApp:<\/p>\n<p>Albert Ferr\u00e1ndiz:\u00a0 660 543 304<\/p>\n<p>Quan feu la inscripci\u00f3 per correu feu constar el nom, cognoms, club i elo catal\u00e0 si en t\u00e9. Rebreu un e-mail de confirmaci\u00f3. En cas contrari, torneu a enviar les dades. L\u2019organitzaci\u00f3 es reserva el dret d\u2019anul\u2022lar una inscripci\u00f3. La inscripci\u00f3 al torneig implica l\u2019acceptaci\u00f3 de les presents bases i en el seu defecte s\u2019aplicaran qualsevol punt no previst en les presents bases es resoldr\u00e0 mitjan\u00e7ant la normativa de la FIDE i de la Federaci\u00f3 Catalana d\u2019Escacs.<\/p>\n<p>5. Els aparellaments es faran amb l\u2019ajuda del programa inform\u00e0tic \u201cSwiss Manager\u201d.<\/p>\n<p>6. Les decisions de l\u2019arbitre principal sobre les regles del joc seran inapel\u2022lables.<\/p>\n<p>7. <strong>Desempats<\/strong>, per establir la classificaci\u00f3 final es resoldr\u00e0 fent servir els seg\u00fcents desempats en aquest ordre: Buchholz -1, Buchholz Total i Progressiu.<\/p>\n<p>&nbsp;<\/p>\n<h2><strong>Premis<\/strong><\/h2>\n<p style=\"padding-left: 30px;\">\u00a0 <strong>Clasificaci\u00f3 General:<\/strong><\/p>\n<p style=\"padding-left: 60px;\">Campi\u00f3: Trofeu<\/p>\n<p style=\"padding-left: 60px;\">2n classificat: Trofeu<\/p>\n<p style=\"padding-left: 60px;\">3r classificat: Trofeu<\/p>\n<p style=\"padding-left: 30px;\"><strong>Clasificaci\u00f3n por\u00a0categor\u00edas: \u00a0<\/strong><\/p>\n<p style=\"padding-left: 60px;\">Millor sub 6: Trofeu<\/p>\n<p style=\"padding-left: 60px;\">Millor sub 8: Trofeu<\/p>\n<p style=\"padding-left: 60px;\">Millor sub 10: Trofeu<\/p>\n<h3><a href=\"http:\/\/escacsmolinou.com\/?page_id=613\"title=\"Inscripci\u00f3 Torneig Infantil\" >Inscripci\u00f3 al Torneig<\/a><\/h3>\n<h3><a href=\"http:\/\/chess-results.com\/tnr285908.aspx?lan=2&amp;wi=821&amp;turdet=YES\"title=\"Llistat d'Inscrits\"  target=\"_blank\">Llistat d&#8217;Inscrits al Torneig<\/a> <strong>\u00a0<\/strong><\/h3>\n","protected":false},"excerpt":{"rendered":"<p>Inscripci\u00f3 al Torneig Bases del torneig 1. Hi podran participar tant nens federats com no federats fins a 12 anys. 2. Sistema de joc, es jugar\u00e0 un su\u00eds a 7 rondes a un ritme de 10 minuts per jugador. 3. Lloc i data, el torneig es disputar\u00e0 el 17 de juny a les 10:00 h <a href=\"http:\/\/escacsmolinou.com\/?page_id=605#more-'\" class=\"more-link\">more \u00bb<\/a><\/p>\n","protected":false},"author":2,"featured_media":0,"parent":0,"menu_order":0,"comment_status":"open","ping_status":"open","template":"","meta":{"_eb_attr":"","footnotes":""},"class_list":["post-605","page","type-page","status-publish","hentry"],"_links":{"self":[{"href":"http:\/\/escacsmolinou.com\/index.php?rest_route=\/wp\/v2\/pages\/605","targetHints":{"allow":["GET"]}}],"collection":[{"href":"http:\/\/escacsmolinou.com\/index.php?rest_route=\/wp\/v2\/pages"}],"about":[{"href":"http:\/\/escacsmolinou.com\/index.php?rest_route=\/wp\/v2\/types\/page"}],"author":[{"embeddable":true,"href":"http:\/\/escacsmolinou.com\/index.php?rest_route=\/wp\/v2\/users\/2"}],"replies":[{"embeddable":true,"href":"http:\/\/escacsmolinou.com\/index.php?rest_route=%2Fwp%2Fv2%2Fcomments&post=605"}],"version-history":[{"count":13,"href":"http:\/\/escacsmolinou.com\/index.php?rest_route=\/wp\/v2\/pages\/605\/revisions"}],"predecessor-version":[{"id":626,"href":"http:\/\/escacsmolinou.com\/index.php?rest_route=\/wp\/v2\/pages\/605\/revisions\/626"}],"wp:attachment":[{"href":"http:\/\/escacsmolinou.com\/index.php?rest_route=%2Fwp%2Fv2%2Fmedia&parent=605"}],"curies":[{"name":"wp","href":"https:\/\/api.w.org\/{rel}","templated":true}]}}