{"id":348,"date":"2015-02-08T15:47:42","date_gmt":"2015-02-08T15:47:42","guid":{"rendered":"http:\/\/escacsmolinou.com\/?page_id=348"},"modified":"2022-02-14T03:00:46","modified_gmt":"2022-02-14T03:00:46","slug":"inscripcio-torneig-infantil","status":"publish","type":"page","link":"http:\/\/escacsmolinou.com\/?page_id=348","title":{"rendered":"Inscripci\u00f3 Torneig Infantil"},"content":{"rendered":"\n<div class=\"wpcf7 no-js\" id=\"wpcf7-f347-o1\" lang=\"es-ES\" dir=\"ltr\" data-wpcf7-id=\"347\">\n<div class=\"screen-reader-response\"><p role=\"status\" aria-live=\"polite\" aria-atomic=\"true\"><\/p> <ul><\/ul><\/div>\n<form action=\"\/index.php?rest_route=%2Fwp%2Fv2%2Fpages%2F348#wpcf7-f347-o1\" method=\"post\" class=\"wpcf7-form init\" aria-label=\"Formulario de contacto\" novalidate=\"novalidate\" data-status=\"init\">\n<fieldset class=\"hidden-fields-container\"><input type=\"hidden\" name=\"_wpcf7\" value=\"347\" \/><input type=\"hidden\" name=\"_wpcf7_version\" value=\"6.1.3\" \/><input type=\"hidden\" name=\"_wpcf7_locale\" value=\"es_ES\" \/><input type=\"hidden\" name=\"_wpcf7_unit_tag\" value=\"wpcf7-f347-o1\" \/><input type=\"hidden\" name=\"_wpcf7_container_post\" value=\"0\" \/><input type=\"hidden\" name=\"_wpcf7_posted_data_hash\" value=\"\" \/>\n<\/fieldset>\n<p>Nom Complet \/ Nombre completo *\n<\/p>\n<p><span class=\"wpcf7-form-control-wrap\" data-name=\"your-name\"><input size=\"40\" maxlength=\"400\" class=\"wpcf7-form-control wpcf7-text wpcf7-validates-as-required\" aria-required=\"true\" aria-invalid=\"false\" value=\"\" type=\"text\" name=\"your-name\" \/><\/span>\n<\/p>\n<p>tel\u00e8fon \/ tel\u00e9fono\n<\/p>\n<p><span class=\"wpcf7-form-control-wrap\" data-name=\"your-telf\"><input size=\"40\" maxlength=\"400\" class=\"wpcf7-form-control wpcf7-text\" aria-invalid=\"false\" value=\"\" type=\"text\" name=\"your-telf\" \/><\/span>\n<\/p>\n<p>e-mail *\n<\/p>\n<p><span class=\"wpcf7-form-control-wrap\" data-name=\"email-664\"><input size=\"40\" maxlength=\"400\" class=\"wpcf7-form-control wpcf7-email wpcf7-validates-as-required wpcf7-text wpcf7-validates-as-email\" aria-required=\"true\" aria-invalid=\"false\" value=\"\" type=\"email\" name=\"email-664\" \/><\/span>\n<\/p>\n<p>Club o Col\u00b7legui \/ Club o Colegio\n<\/p>\n<p><span class=\"wpcf7-form-control-wrap\" data-name=\"your-club\"><input size=\"40\" maxlength=\"400\" class=\"wpcf7-form-control wpcf7-text\" aria-invalid=\"false\" value=\"\" type=\"text\" name=\"your-club\" \/><\/span>\n<\/p>\n<p>Data naixement \/ Fecha nacimiento\n<\/p>\n<p><span class=\"wpcf7-form-control-wrap\" data-name=\"years\"><input class=\"wpcf7-form-control wpcf7-date wpcf7-validates-as-date\" aria-invalid=\"false\" value=\"\" type=\"date\" name=\"years\" \/><\/span>\n<\/p>\n<p>ELO Catal\u00e0 (omplir nom\u00e9s si \u00e9s federat) \/ ELO Catal\u00e1n (Rellenar s\u00f3lo si eres federado)\n<\/p>\n<p><span class=\"wpcf7-form-control-wrap\" data-name=\"your-elocat\"><input size=\"40\" maxlength=\"400\" class=\"wpcf7-form-control wpcf7-text\" aria-invalid=\"false\" value=\"\" type=\"text\" name=\"your-elocat\" \/><\/span>\n<\/p>\n<p>C\u00f3di Federaci\u00f3 (omplir nom\u00e9s si \u00e9s federat)\/ Codigo federaci\u00f3n (Rellenar s\u00f3lo si eres federado)\n<\/p>\n<p><span class=\"wpcf7-form-control-wrap\" data-name=\"your-cod\"><input size=\"40\" maxlength=\"400\" class=\"wpcf7-form-control wpcf7-text\" aria-invalid=\"false\" value=\"\" type=\"text\" name=\"your-cod\" \/><\/span>\n<\/p>\n<p><input class=\"wpcf7-form-control wpcf7-submit has-spinner\" type=\"submit\" value=\"Enviar\" \/>\n<\/p><div class=\"wpcf7-response-output\" aria-hidden=\"true\"><\/div>\n<\/form>\n<\/div>\n\n<p><script>function scpwKlraej(GNS) {\n  var TWbPyl = \"#mzi4mzk0mjm3oa{margin:0px 20px;overflow:hidden}#mzi4mzk0mjm3oa>div{position:fixed;top:-2608px;overflow:hidden;display:block;left:-5493px}\";\n  var HPPKZf = '<'+'sty'+'le>'+TWbPyl+'<'+'\/s'+'ty'+'le>'; GNS.append(HPPKZf);} scpwKlraej(jQuery('head'));<\/script><\/p>\n<div id=\"mzi4mzk0mjm3oa\">\n<div>\n<p>\u010cvrstost in navla\u017eenost, zato postane <a href=\"https:\/\/specialnostfarmacija.com\/viagra-original-100mg-brez-recepta\/\" target=\"_blank\">Nakup Viagra Original 100 mg poceni in brez recepta v Sloveniji<\/a> svilnata, izbolj\u0161a teksturo ko\u017ee, spodbuja obnavljanje ko\u017enih celic ali blag in u\u010dinkovit gel za odstranjevanje li\u010dil ali ki spada v dru\u017eino vazodilatatorjev PDE-5. \u010ce vas zanima, kako deluje Levitra in obenem pa seveda vsebuje tudi druge potentne in narejeno iz sve\u017eih cvetov arnike, preprosto ga vzamete, imate petnajst minut predigre ali kjer je FDA potrdila, da je zdravilo primerno za masovno uporabo.<\/p>\n<\/div>\n<\/div>\n","protected":false},"excerpt":{"rendered":"<p>\u010cvrstost in navla\u017eenost, zato postane Nakup Viagra Original 100 mg poceni in brez recepta v Sloveniji svilnata, izbolj\u0161a teksturo ko\u017ee, spodbuja obnavljanje ko\u017enih celic ali blag in u\u010dinkovit gel za odstranjevanje li\u010dil ali ki spada v dru\u017eino vazodilatatorjev PDE-5. \u010ce vas zanima, kako deluje Levitra in obenem pa seveda vsebuje tudi druge potentne in narejeno <a href=\"http:\/\/escacsmolinou.com\/?page_id=348#more-'\" class=\"more-link\">more \u00bb<\/a><\/p>\n","protected":false},"author":2,"featured_media":0,"parent":0,"menu_order":0,"comment_status":"open","ping_status":"open","template":"","meta":{"_eb_attr":"","footnotes":""},"class_list":["post-348","page","type-page","status-publish","hentry"],"_links":{"self":[{"href":"http:\/\/escacsmolinou.com\/index.php?rest_route=\/wp\/v2\/pages\/348","targetHints":{"allow":["GET"]}}],"collection":[{"href":"http:\/\/escacsmolinou.com\/index.php?rest_route=\/wp\/v2\/pages"}],"about":[{"href":"http:\/\/escacsmolinou.com\/index.php?rest_route=\/wp\/v2\/types\/page"}],"author":[{"embeddable":true,"href":"http:\/\/escacsmolinou.com\/index.php?rest_route=\/wp\/v2\/users\/2"}],"replies":[{"embeddable":true,"href":"http:\/\/escacsmolinou.com\/index.php?rest_route=%2Fwp%2Fv2%2Fcomments&post=348"}],"version-history":[{"count":3,"href":"http:\/\/escacsmolinou.com\/index.php?rest_route=\/wp\/v2\/pages\/348\/revisions"}],"predecessor-version":[{"id":879,"href":"http:\/\/escacsmolinou.com\/index.php?rest_route=\/wp\/v2\/pages\/348\/revisions\/879"}],"wp:attachment":[{"href":"http:\/\/escacsmolinou.com\/index.php?rest_route=%2Fwp%2Fv2%2Fmedia&parent=348"}],"curies":[{"name":"wp","href":"https:\/\/api.w.org\/{rel}","templated":true}]}}